{"id":11,"date":"2022-11-03T14:53:49","date_gmt":"2022-11-03T14:53:49","guid":{"rendered":"https:\/\/paadipesa.ee\/?page_id=11"},"modified":"2026-02-23T09:58:17","modified_gmt":"2026-02-23T09:58:17","slug":"meist","status":"publish","type":"page","link":"https:\/\/paadipesa.ee\/en\/","title":{"rendered":"About us"},"content":{"rendered":"<div data-elementor-type=\"wp-page\" data-elementor-id=\"11\" class=\"elementor elementor-11\">\n\t\t\t\t\t\t<section class=\"elementor-section elementor-top-section elementor-element elementor-element-736bbe8c elementor-section-boxed elementor-section-height-default elementor-section-height-default\" data-id=\"736bbe8c\" data-element_type=\"section\" data-e-type=\"section\">\n\t\t\t\t\t\t<div class=\"elementor-container elementor-column-gap-default\">\n\t\t\t\t\t<div class=\"elementor-column elementor-col-100 elementor-top-column elementor-element elementor-element-719d29cb\" data-id=\"719d29cb\" data-element_type=\"column\" data-e-type=\"column\">\n\t\t\t<div class=\"elementor-widget-wrap elementor-element-populated\">\n\t\t\t\t\t\t<div class=\"elementor-element elementor-element-40ce6ca9 elementor-widget elementor-widget-text-editor\" data-id=\"40ce6ca9\" data-element_type=\"widget\" data-e-type=\"widget\" data-widget_type=\"text-editor.default\">\n\t\t\t\t<div class=\"elementor-widget-container\">\n\t\t\t\t\t\t\t\t\t<h3>T\u00f5hela Paadipesa<\/h3>\n<p>The foundation for the creation of T\u00f5hela Paadipesa was laid in 2001, when the construction of a \nresting place began on former farm pastures by Lake T\u00f5hela. In 2007, a canal was dug for boats, later a \nboat bridge was built and ordinary boats were replaced with tar boats. The boats for rent in the boathouse \nare unique catamaran-type vessels, they have been developed and built taking into account the local \nconditions and needs. The boats have a smooth bottom and are very stable. Five picnic tables were installed\n in 2012, and today we also offer accommodation in rooms (year-round) and in two camping houses \n(in the summer), and the possibility to enjoy a sauna and massage has been added.<\/p>\n<h3>Lake T\u00f5hela<\/h3>\n<p>The area of \u200b\u200bthe lake is 407 ha, the largest water depth is measured at 1.5 meters. \nThe thickness of the mud is suggested to be 6-7m. T\u00f5hela lake is known to be the lowest lake in Estonia.\n There are many fish in the lake (tench, pike, koger) and the lake is a nesting place for many waterfowl.<\/p>\n<h3>Massage<\/h3>\n<p>In T\u00f5hela Paadipesa, there is a massage room to serve customers, but considering the peculiarity of \nthe sparsely populated area, we also started to offer the service in a massage salon on wheels, or \nElan Massage bus, which enables mobile massage service mainly in P\u00e4rnu and L\u00e4\u00e4ne County, \nbut we serve multi-day events further afield. Just thinking about multi-day events with a larger\n number of participants, we decided to adapt one of the bigger buses as a massage parlor.<\/p>\n<h5>Subsidies<\/h5>\n<p>We applied for support from the PLPK LEADER program to furnish the bus. Within the framework of\n measure 19.2 of the support for rural development accompanying the common agricultural \npolicy of the Estonian Rural Development Plan 2014-2020, our request was granted according to the \ndecision of the Director General of PRIA No. 13-21.2\/22\/1352, the amount of the support is 10534.45 eur.\n The aim of the project is to adapt a bigger bus than before for the year-round provision of massage \nservices to meet the needs in rural areas. According to PRIA Director General's decision No. 12498223, \nM\u00e4ndel O\u00dc has also been granted support for the purchase of solar heating panels, ground heating system, \ncentral heating stove and kitchen equipment for a holiday home and for the construction of a \nboiler house as part of the project support. As a result of the investment, the quality of the offered \nservices will be improved.<\/p>\n<p>By the lead of T\u00f5stamaa K\u00e4sit\u00f6\u00f6keskus, a unified project \"T\u00f5stamaa piirkonna n\u00e4htavuse suurendamine\" was executed, the primary purpose of which was to create Google Maps based visualized journeys introducing the tourism businesses and natural sights of the T\u00f5stamaa area.&nbsp;<\/p>\t\t\t\t\t\t\t\t<\/div>\n\t\t\t\t<\/div>\n\t\t\t\t\t<\/div>\n\t\t<\/div>\n\t\t\t\t\t<\/div>\n\t\t<\/section>\n\t\t\t\t<section class=\"elementor-section elementor-top-section elementor-element elementor-element-526d616 elementor-section-boxed elementor-section-height-default elementor-section-height-default\" data-id=\"526d616\" data-element_type=\"section\" data-e-type=\"section\">\n\t\t\t\t\t\t<div class=\"elementor-container elementor-column-gap-default\">\n\t\t\t\t\t<div class=\"elementor-column elementor-col-100 elementor-top-column elementor-element elementor-element-4f47791\" data-id=\"4f47791\" data-element_type=\"column\" data-e-type=\"column\">\n\t\t\t<div class=\"elementor-widget-wrap elementor-element-populated\">\n\t\t\t\t\t\t<section class=\"elementor-section elementor-inner-section elementor-element elementor-element-b234862 elementor-section-boxed elementor-section-height-default elementor-section-height-default\" data-id=\"b234862\" data-element_type=\"section\" data-e-type=\"section\">\n\t\t\t\t\t\t<div class=\"elementor-container elementor-column-gap-default\">\n\t\t\t\t\t<div class=\"elementor-column elementor-col-50 elementor-inner-column elementor-element elementor-element-78f7511\" data-id=\"78f7511\" data-element_type=\"column\" data-e-type=\"column\">\n\t\t\t<div class=\"elementor-widget-wrap elementor-element-populated\">\n\t\t\t\t\t\t<div class=\"elementor-element elementor-element-666ca59 elementor-widget elementor-widget-video\" data-id=\"666ca59\" data-element_type=\"widget\" data-e-type=\"widget\" data-settings=\"{&quot;youtube_url&quot;:&quot;https:\\\/\\\/www.youtube.com\\\/watch?v=DR7GZP6aOUQ&quot;,&quot;video_type&quot;:&quot;youtube&quot;,&quot;controls&quot;:&quot;yes&quot;}\" data-widget_type=\"video.default\">\n\t\t\t\t<div class=\"elementor-widget-container\">\n\t\t\t\t\t\t\t<div class=\"elementor-wrapper elementor-open-inline\">\n\t\t\t<div class=\"elementor-video\"><\/div>\t\t<\/div>\n\t\t\t\t\t\t<\/div>\n\t\t\t\t<\/div>\n\t\t\t\t\t<\/div>\n\t\t<\/div>\n\t\t\t\t<div class=\"elementor-column elementor-col-50 elementor-inner-column elementor-element elementor-element-65fffdd\" data-id=\"65fffdd\" data-element_type=\"column\" data-e-type=\"column\">\n\t\t\t<div class=\"elementor-widget-wrap elementor-element-populated\">\n\t\t\t\t\t\t<div class=\"elementor-element elementor-element-06c3f5e elementor-widget elementor-widget-video\" data-id=\"06c3f5e\" data-element_type=\"widget\" data-e-type=\"widget\" data-settings=\"{&quot;youtube_url&quot;:&quot;https:\\\/\\\/www.youtube.com\\\/watch?v=fJMAtgNI2TM&quot;,&quot;video_type&quot;:&quot;youtube&quot;,&quot;controls&quot;:&quot;yes&quot;}\" data-widget_type=\"video.default\">\n\t\t\t\t<div class=\"elementor-widget-container\">\n\t\t\t\t\t\t\t<div class=\"elementor-wrapper elementor-open-inline\">\n\t\t\t<div class=\"elementor-video\"><\/div>\t\t<\/div>\n\t\t\t\t\t\t<\/div>\n\t\t\t\t<\/div>\n\t\t\t\t\t<\/div>\n\t\t<\/div>\n\t\t\t\t\t<\/div>\n\t\t<\/section>\n\t\t\t\t<div class=\"elementor-element elementor-element-9f09458 elementor-widget elementor-widget-text-editor\" data-id=\"9f09458\" data-element_type=\"widget\" data-e-type=\"widget\" data-widget_type=\"text-editor.default\">\n\t\t\t\t<div class=\"elementor-widget-container\">\n\t\t\t\t\t\t\t\t\t<p><img fetchpriority=\"high\" decoding=\"async\" class=\"alignnone\" src=\"https:\/\/balticguide.ee\/wp-content\/uploads\/2022\/01\/Uus-Leader-logo-koos-PLPK-logoga.jpg\" width=\"434\" height=\"122\" \/><\/p>\t\t\t\t\t\t\t\t<\/div>\n\t\t\t\t<\/div>\n\t\t\t\t\t<\/div>\n\t\t<\/div>\n\t\t\t\t\t<\/div>\n\t\t<\/section>\n\t\t\t\t<\/div>","protected":false},"excerpt":{"rendered":"<p>T\u00f5hela Paadipesa T\u00f5hela Paadipesa loomisele pandi alus 2001 aastal, kui kunagistele talukarjamaadele T\u00f5hela j\u00e4rve \u00e4\u00e4res alustati puhkekoha rajamist. 2007 kaevati kanal paatidele, hiljem ehitati paadisild ja tavapaadid asendusid katranitega. Paadipesas renditavad katranid on ainulaadsed katamaraant\u00fc\u00fcpi alused, need on v\u00e4lja t\u00f6\u00f6tatud ja ehitatud kohapealseid olusid ning vajadusi arvestades. Paadid on siledap\u00f5hjalised ning v\u00e4ga stabiilsed. Viie piknikulaua [&hellip;]<\/p>\n","protected":false},"author":1,"featured_media":0,"parent":0,"menu_order":0,"comment_status":"closed","ping_status":"closed","template":"","meta":{"iawp_total_views":3208,"_lightning_design_setting":{"layout":"default"},"footnotes":""},"class_list":["post-11","page","type-page","status-publish","hentry"],"_links":{"self":[{"href":"https:\/\/paadipesa.ee\/en\/wp-json\/wp\/v2\/pages\/11","targetHints":{"allow":["GET"]}}],"collection":[{"href":"https:\/\/paadipesa.ee\/en\/wp-json\/wp\/v2\/pages"}],"about":[{"href":"https:\/\/paadipesa.ee\/en\/wp-json\/wp\/v2\/types\/page"}],"author":[{"embeddable":true,"href":"https:\/\/paadipesa.ee\/en\/wp-json\/wp\/v2\/users\/1"}],"replies":[{"embeddable":true,"href":"https:\/\/paadipesa.ee\/en\/wp-json\/wp\/v2\/comments?post=11"}],"version-history":[{"count":13,"href":"https:\/\/paadipesa.ee\/en\/wp-json\/wp\/v2\/pages\/11\/revisions"}],"predecessor-version":[{"id":615,"href":"https:\/\/paadipesa.ee\/en\/wp-json\/wp\/v2\/pages\/11\/revisions\/615"}],"wp:attachment":[{"href":"https:\/\/paadipesa.ee\/en\/wp-json\/wp\/v2\/media?parent=11"}],"curies":[{"name":"wp","href":"https:\/\/api.w.org\/{rel}","templated":true}]}}