{"id":20,"date":"2022-11-03T15:01:43","date_gmt":"2022-11-03T15:01:43","guid":{"rendered":"https:\/\/paadipesa.ee\/?page_id=20"},"modified":"2023-03-27T07:45:02","modified_gmt":"2023-03-27T07:45:02","slug":"paadilaenutus","status":"publish","type":"page","link":"https:\/\/paadipesa.ee\/en\/paadilaenutus\/","title":{"rendered":"Boat rental"},"content":{"rendered":"<h4>Boat rental<\/h4>\n<p><img fetchpriority=\"high\" decoding=\"async\" class=\"hoverZoomLink alignnone wp-image-214 size-full\" src=\"https:\/\/paadipesa.ee\/wp-content\/uploads\/2023\/03\/Room-ja-kirg-scaled.jpg\" alt=\"\" width=\"2560\" height=\"1704\" srcset=\"https:\/\/paadipesa.ee\/wp-content\/uploads\/2023\/03\/Room-ja-kirg-scaled.jpg 2560w, https:\/\/paadipesa.ee\/wp-content\/uploads\/2023\/03\/Room-ja-kirg-300x200.jpg 300w, https:\/\/paadipesa.ee\/wp-content\/uploads\/2023\/03\/Room-ja-kirg-1024x682.jpg 1024w, https:\/\/paadipesa.ee\/wp-content\/uploads\/2023\/03\/Room-ja-kirg-768x511.jpg 768w, https:\/\/paadipesa.ee\/wp-content\/uploads\/2023\/03\/Room-ja-kirg-1536x1023.jpg 1536w, https:\/\/paadipesa.ee\/wp-content\/uploads\/2023\/03\/Room-ja-kirg-2048x1364.jpg 2048w\" sizes=\"(max-width: 2560px) 100vw, 2560px\" \/><\/p>\n<p class=\"translation-block\">Boat rental for fishing or leisure.\nThe Katrans for rent in the boathouse are unique catamaran-type vessels, as they have been developed\n and built taking into account the local conditions and needs. The boats have a smooth bottom and are\n very stable.<\/p>\n<p class=\"translation-block\">The boat can accommodate up to 8 people. The boats are equipped with either an electric or gasoline engine.\n Upon agreement, the customer can also use his personal engine.\nBoat rental \u20ac30 \/ 2 H<\/p>\n<p class=\"translation-block\">Excursions on the lake for groups\nThe tour is conducted by the captain of the boat, who gives a brief overview of T\u00f5hela lake and the fish \nand bird species that live there. Lasted approximately 1 hour and for groups of 8 or more people. \nAsk for a more detailed offer.<\/p>","protected":false},"excerpt":{"rendered":"<p>Paadilaenutus Paatide laenutus kalastamiseks v\u00f5i vaba aja veetmiseks. Paadipesas renditavad Katranid on ainulaadsed katamaraant\u00fc\u00fcpi alused, kuna on v\u00e4lja t\u00f6\u00f6tatud ja ehitatud kohapealseid olusid ning vajadusi arvestades. Paadid on siledap\u00f5hjalised ning v\u00e4ga stabiilsed. Paat mahutab kuni 8 inimest. Paadid on varustatud kas elektri- v\u00f5i bensiinimootoriga. Kokkuleppel v\u00f5ib klient kasutada ka oma isiklikku mootorit. Paadi rent 30 [&hellip;]<\/p>\n","protected":false},"author":1,"featured_media":0,"parent":0,"menu_order":0,"comment_status":"closed","ping_status":"closed","template":"","meta":{"iawp_total_views":640,"footnotes":""},"class_list":["post-20","page","type-page","status-publish","hentry"],"_links":{"self":[{"href":"https:\/\/paadipesa.ee\/en\/wp-json\/wp\/v2\/pages\/20","targetHints":{"allow":["GET"]}}],"collection":[{"href":"https:\/\/paadipesa.ee\/en\/wp-json\/wp\/v2\/pages"}],"about":[{"href":"https:\/\/paadipesa.ee\/en\/wp-json\/wp\/v2\/types\/page"}],"author":[{"embeddable":true,"href":"https:\/\/paadipesa.ee\/en\/wp-json\/wp\/v2\/users\/1"}],"replies":[{"embeddable":true,"href":"https:\/\/paadipesa.ee\/en\/wp-json\/wp\/v2\/comments?post=20"}],"version-history":[{"count":8,"href":"https:\/\/paadipesa.ee\/en\/wp-json\/wp\/v2\/pages\/20\/revisions"}],"predecessor-version":[{"id":530,"href":"https:\/\/paadipesa.ee\/en\/wp-json\/wp\/v2\/pages\/20\/revisions\/530"}],"wp:attachment":[{"href":"https:\/\/paadipesa.ee\/en\/wp-json\/wp\/v2\/media?parent=20"}],"curies":[{"name":"wp","href":"https:\/\/api.w.org\/{rel}","templated":true}]}}