{"id":41,"date":"2022-11-03T16:44:52","date_gmt":"2022-11-03T16:44:52","guid":{"rendered":"https:\/\/paadipesa.ee\/?page_id=41"},"modified":"2025-04-08T09:03:55","modified_gmt":"2025-04-08T09:03:55","slug":"massaazibuss","status":"publish","type":"page","link":"https:\/\/paadipesa.ee\/en\/massaazibuss\/","title":{"rendered":"Massage bus"},"content":{"rendered":"<h4>ELAN massage bus - Enjoy life!<\/h4>\n<p><img fetchpriority=\"high\" decoding=\"async\" src=\"https:\/\/paadipesa.ee\/wp-content\/uploads\/2023\/03\/MB3.png\" alt=\"\" width=\"1748\" height=\"1240\" \/>Massage is the best-known way of stress relief and tension relief. \nIt accelerates metabolism, restores lost energy and brings perfect satisfaction. \nWe offer the opportunity to enjoy various massages in our mobile massage salon,\nor massage bus, which you can call anywhere that is easily accessible by car. \nOur bus contains everything necessary for the client to feel comfortable, \nincluding a high-quality electric massage table, a changing room and, if necessary, \nthe possibility of using the toilet.<\/p>\n<p>To serve multi-day events, we have a larger and more fully equipped ELAN 2 Massage Bus. In this bus, in addition to a high-quality electric massage table, there is also a TALISMAN ROYALE massage chair: a powerful 4D multifunctional massage robot with various massage programs that massages feet, legs, hands, back and neck in a short time. The dimensions of the ELAN 2 bus require better accessibility and greater maneuvering space at the service location.<\/p>\n<p><img decoding=\"async\" class=\"alignnone  wp-image-579\" src=\"https:\/\/paadipesa.ee\/wp-content\/uploads\/2024\/03\/20240306_105239-300x225.jpg\" alt=\"\" width=\"542\" height=\"406\" srcset=\"https:\/\/paadipesa.ee\/wp-content\/uploads\/2024\/03\/20240306_105239-300x225.jpg 300w, https:\/\/paadipesa.ee\/wp-content\/uploads\/2024\/03\/20240306_105239-1024x768.jpg 1024w, https:\/\/paadipesa.ee\/wp-content\/uploads\/2024\/03\/20240306_105239-768x576.jpg 768w, https:\/\/paadipesa.ee\/wp-content\/uploads\/2024\/03\/20240306_105239-1536x1152.jpg 1536w, https:\/\/paadipesa.ee\/wp-content\/uploads\/2024\/03\/20240306_105239-2048x1536.jpg 2048w, https:\/\/paadipesa.ee\/wp-content\/uploads\/2024\/03\/20240306_105239-16x12.jpg 16w\" sizes=\"(max-width: 542px) 100vw, 542px\" \/><\/p>\n<p>The massage usually offered on the bus is a mixture of different types of massage, \nenergy therapy and osteopathy techniques, but you can also order a massage with a classical,\nlymphatic, cosmetic or bioenergy massage machine.<\/p>\n<p>Each massage is a creation that takes into account the wishes and needs of a specific \nclient.<\/p>\n<p><strong>Prices of the massages:<\/strong><\/p>\n<p>Our prices depend on the area of service, the duration of the massage and the number of clients.<\/p>\n<p>The price of a 50-minute massage is between 40 - 65 \u20ac.<\/p>\n<p>The price of a 25-minute massage is between 25 - 40 \u20ac<\/p>\n<p>The price of an 80-minute massage is between 60 - 90 \u20ac<\/p>\n<p>A massage chair session in the ELAN 2 Massage bus - 20 minutes - 20-25 \u20ac, 30 min - 30-35\u20ac<\/p>\n<p>In case of 4  or more clients desiring to book the service in the same location, we offer discounted prices.<\/p>\n<p>If the distance of the desired service location exceeds 25km from T\u00f5hela, an additional fuel coverage fare is added to the cost of the service.<\/p>\n<p>The minimum fee for the small bus is 80\u20ac and the minimum fee for the large ELAN 2 massage bus is 150 \u20ac.<\/p>\n<p>In T\u00f5hela Paadipesa, you can enjoy discounted prices on massage (25 min - 25 \u20ac, 50\u00a0 min - 40 \u20ac)<\/p>\n<p>Call, ask for an offer and order a massage parlor at your door or to your event!<\/p>\n<p><strong>Additional information and appointment booking 5635 9313 Elo\u00a0<\/strong><\/p>\n\n\n<p><\/p>","protected":false},"excerpt":{"rendered":"<p>ELAN massa\u017eibuss - Tunne elust m\u00f5nu! Massaa\u017e on tuntuim stressileevendus- ja pingemaandus viis.\u00a0 See kiirendab ainevahetust, taastab kaotsil\u00e4inud energiat ja toob t\u00e4iusliku rahulolu. Pakume v\u00f5imalust erinevate massaa\u017eide nautimiseks meie liikuvas massaa\u017eisalongis ehk massaa\u017eibussis, mille saate kutsuda k\u00f5ikjale, kuhu autoga h\u00e4sti ligi p\u00e4\u00e4seb. Meie buss sisaldab k\u00f5ike h\u00e4davajalikku, et klient saaks ennast mugavalt tunda, on elektriline [&hellip;]<\/p>\n","protected":false},"author":1,"featured_media":0,"parent":0,"menu_order":0,"comment_status":"closed","ping_status":"closed","template":"","meta":{"iawp_total_views":812,"footnotes":""},"class_list":["post-41","page","type-page","status-publish","hentry"],"_links":{"self":[{"href":"https:\/\/paadipesa.ee\/en\/wp-json\/wp\/v2\/pages\/41","targetHints":{"allow":["GET"]}}],"collection":[{"href":"https:\/\/paadipesa.ee\/en\/wp-json\/wp\/v2\/pages"}],"about":[{"href":"https:\/\/paadipesa.ee\/en\/wp-json\/wp\/v2\/types\/page"}],"author":[{"embeddable":true,"href":"https:\/\/paadipesa.ee\/en\/wp-json\/wp\/v2\/users\/1"}],"replies":[{"embeddable":true,"href":"https:\/\/paadipesa.ee\/en\/wp-json\/wp\/v2\/comments?post=41"}],"version-history":[{"count":48,"href":"https:\/\/paadipesa.ee\/en\/wp-json\/wp\/v2\/pages\/41\/revisions"}],"predecessor-version":[{"id":593,"href":"https:\/\/paadipesa.ee\/en\/wp-json\/wp\/v2\/pages\/41\/revisions\/593"}],"wp:attachment":[{"href":"https:\/\/paadipesa.ee\/en\/wp-json\/wp\/v2\/media?parent=41"}],"curies":[{"name":"wp","href":"https:\/\/api.w.org\/{rel}","templated":true}]}}